{"id":28,"date":"2023-07-07T14:49:32","date_gmt":"2023-07-07T12:49:32","guid":{"rendered":"http:\/\/lesbergesdelorb.com\/?page_id=28"},"modified":"2023-11-16T23:28:36","modified_gmt":"2023-11-16T22:28:36","slug":"accueil","status":"publish","type":"page","link":"https:\/\/lesbergesdelorb.com\/","title":{"rendered":"Les Berges de l&rsquo;Orb"},"content":{"rendered":"\t\t<div data-elementor-type=\"wp-page\" data-elementor-id=\"28\" class=\"elementor elementor-28\">\n\t\t\t\t\t\t<section class=\"elementor-section elementor-top-section elementor-element elementor-element-8da895f elementor-section-full_width elementor-section-height-default elementor-section-height-default\" data-id=\"8da895f\" data-element_type=\"section\">\n\t\t\t\t\t\t<div class=\"elementor-container elementor-column-gap-default\">\n\t\t\t\t\t<div class=\"elementor-column elementor-col-100 elementor-top-column elementor-element elementor-element-018e523\" data-id=\"018e523\" data-element_type=\"column\">\n\t\t\t<div class=\"elementor-widget-wrap elementor-element-populated\">\n\t\t\t\t\t\t<div class=\"elementor-element elementor-element-9069add elementor-widget elementor-widget-image\" data-id=\"9069add\" data-element_type=\"widget\" data-widget_type=\"image.default\">\n\t\t\t\t<div class=\"elementor-widget-container\">\n\t\t\t<style>\/*! elementor - v3.19.0 - 07-02-2024 *\/\n.elementor-widget-image{text-align:center}.elementor-widget-image a{display:inline-block}.elementor-widget-image a img[src$=\".svg\"]{width:48px}.elementor-widget-image img{vertical-align:middle;display:inline-block}<\/style>\t\t\t\t\t\t\t\t\t\t<img fetchpriority=\"high\" decoding=\"async\" width=\"2560\" height=\"736\" src=\"https:\/\/lesbergesdelorb.com\/wp-content\/uploads\/2023\/07\/5-1-scaled.jpg\" class=\"attachment-full size-full wp-image-207\" alt=\"\" srcset=\"https:\/\/lesbergesdelorb.com\/wp-content\/uploads\/2023\/07\/5-1-scaled.jpg 2560w, https:\/\/lesbergesdelorb.com\/wp-content\/uploads\/2023\/07\/5-1-300x86.jpg 300w, https:\/\/lesbergesdelorb.com\/wp-content\/uploads\/2023\/07\/5-1-1024x295.jpg 1024w, https:\/\/lesbergesdelorb.com\/wp-content\/uploads\/2023\/07\/5-1-768x221.jpg 768w, https:\/\/lesbergesdelorb.com\/wp-content\/uploads\/2023\/07\/5-1-1536x442.jpg 1536w, https:\/\/lesbergesdelorb.com\/wp-content\/uploads\/2023\/07\/5-1-2048x589.jpg 2048w\" sizes=\"(max-width: 2560px) 100vw, 2560px\" \/>\t\t\t\t\t\t\t\t\t\t\t\t\t<\/div>\n\t\t\t\t<\/div>\n\t\t\t\t\t<\/div>\n\t\t<\/div>\n\t\t\t\t\t<\/div>\n\t\t<\/section>\n\t\t\t\t<section class=\"elementor-section elementor-top-section elementor-element elementor-element-003641a elementor-section-boxed elementor-section-height-default elementor-section-height-default\" data-id=\"003641a\" data-element_type=\"section\" data-settings=\"{&quot;background_background&quot;:&quot;classic&quot;}\">\n\t\t\t\t\t\t<div class=\"elementor-container elementor-column-gap-default\">\n\t\t\t\t\t<div class=\"elementor-column elementor-col-100 elementor-top-column elementor-element elementor-element-a466881\" data-id=\"a466881\" data-element_type=\"column\">\n\t\t\t<div class=\"elementor-widget-wrap elementor-element-populated\">\n\t\t\t\t\t\t<div class=\"elementor-element elementor-element-f368fd1 elementor-invisible elementor-widget elementor-widget-heading\" data-id=\"f368fd1\" data-element_type=\"widget\" data-settings=\"{&quot;_animation&quot;:&quot;fadeInUp&quot;,&quot;_animation_delay&quot;:200}\" data-widget_type=\"heading.default\">\n\t\t\t\t<div class=\"elementor-widget-container\">\n\t\t\t<style>\/*! elementor - v3.19.0 - 07-02-2024 *\/\n.elementor-heading-title{padding:0;margin:0;line-height:1}.elementor-widget-heading .elementor-heading-title[class*=elementor-size-]>a{color:inherit;font-size:inherit;line-height:inherit}.elementor-widget-heading .elementor-heading-title.elementor-size-small{font-size:15px}.elementor-widget-heading .elementor-heading-title.elementor-size-medium{font-size:19px}.elementor-widget-heading .elementor-heading-title.elementor-size-large{font-size:29px}.elementor-widget-heading .elementor-heading-title.elementor-size-xl{font-size:39px}.elementor-widget-heading .elementor-heading-title.elementor-size-xxl{font-size:59px}<\/style><h1 class=\"elementor-heading-title elementor-size-default\">Qui sommes-nous ?<\/h1>\t\t<\/div>\n\t\t\t\t<\/div>\n\t\t\t\t\t<\/div>\n\t\t<\/div>\n\t\t\t\t\t<\/div>\n\t\t<\/section>\n\t\t\t\t<section class=\"elementor-section elementor-top-section elementor-element elementor-element-ba49d9a elementor-section-boxed elementor-section-height-default elementor-section-height-default\" data-id=\"ba49d9a\" data-element_type=\"section\">\n\t\t\t\t\t\t<div class=\"elementor-container elementor-column-gap-default\">\n\t\t\t\t\t<div class=\"elementor-column elementor-col-100 elementor-top-column elementor-element elementor-element-6f02eb2\" data-id=\"6f02eb2\" data-element_type=\"column\">\n\t\t\t<div class=\"elementor-widget-wrap elementor-element-populated\">\n\t\t\t\t\t\t<div class=\"elementor-element elementor-element-88b7686 elementor-widget__width-initial elementor-invisible elementor-widget elementor-widget-text-editor\" data-id=\"88b7686\" data-element_type=\"widget\" data-settings=\"{&quot;_animation&quot;:&quot;fadeInUp&quot;,&quot;_animation_delay&quot;:400}\" data-widget_type=\"text-editor.default\">\n\t\t\t\t<div class=\"elementor-widget-container\">\n\t\t\t<style>\/*! elementor - v3.19.0 - 07-02-2024 *\/\n.elementor-widget-text-editor.elementor-drop-cap-view-stacked .elementor-drop-cap{background-color:#69727d;color:#fff}.elementor-widget-text-editor.elementor-drop-cap-view-framed .elementor-drop-cap{color:#69727d;border:3px solid;background-color:transparent}.elementor-widget-text-editor:not(.elementor-drop-cap-view-default) .elementor-drop-cap{margin-top:8px}.elementor-widget-text-editor:not(.elementor-drop-cap-view-default) .elementor-drop-cap-letter{width:1em;height:1em}.elementor-widget-text-editor .elementor-drop-cap{float:left;text-align:center;line-height:1;font-size:50px}.elementor-widget-text-editor .elementor-drop-cap-letter{display:inline-block}<\/style>\t\t\t\t<p><strong>Les Berges de l&rsquo;Orb<\/strong> est une A.A.P.P.M.A. (Association Agr\u00e9\u00e9e de P\u00eache et de Protection du Milieu Aquatique) reconnue par la F\u00e9d\u00e9ration Fran\u00e7aise de P\u00eache.<\/p><p>Depuis 2016 son pr\u00e9sident est Bernard Cebe, son si\u00e8ge social est situ\u00e9 \u00e0 Cazouls-les-B\u00e9ziers.<\/p><p><strong><a href=\"https:\/\/lesbergesdelorb.com\/index.php\/historique\/\">Cliquez ici pour conna\u00eetre l&rsquo;historique de l&rsquo;A.A.P.P.M.A.<\/a><\/strong><\/p>\t\t\t\t\t\t<\/div>\n\t\t\t\t<\/div>\n\t\t\t\t\t<\/div>\n\t\t<\/div>\n\t\t\t\t\t<\/div>\n\t\t<\/section>\n\t\t\t\t<section class=\"elementor-section elementor-top-section elementor-element elementor-element-86d32fd elementor-section-boxed elementor-section-height-default elementor-section-height-default\" data-id=\"86d32fd\" data-element_type=\"section\">\n\t\t\t\t\t\t<div class=\"elementor-container elementor-column-gap-default\">\n\t\t\t\t\t<div class=\"elementor-column elementor-col-100 elementor-top-column elementor-element elementor-element-cdd3e44\" data-id=\"cdd3e44\" data-element_type=\"column\">\n\t\t\t<div class=\"elementor-widget-wrap elementor-element-populated\">\n\t\t\t\t\t\t<div class=\"elementor-element elementor-element-10f0bc57 elementor-invisible elementor-widget elementor-widget-heading\" data-id=\"10f0bc57\" data-element_type=\"widget\" data-settings=\"{&quot;_animation&quot;:&quot;fadeInUp&quot;,&quot;_animation_delay&quot;:200}\" data-widget_type=\"heading.default\">\n\t\t\t\t<div class=\"elementor-widget-container\">\n\t\t\t<h2 class=\"elementor-heading-title elementor-size-default\">Notre but<\/h2>\t\t<\/div>\n\t\t\t\t<\/div>\n\t\t\t\t<div class=\"elementor-element elementor-element-1f4b890a elementor-widget__width-initial elementor-invisible elementor-widget elementor-widget-text-editor\" data-id=\"1f4b890a\" data-element_type=\"widget\" data-settings=\"{&quot;_animation&quot;:&quot;fadeInUp&quot;,&quot;_animation_delay&quot;:400}\" data-widget_type=\"text-editor.default\">\n\t\t\t\t<div class=\"elementor-widget-container\">\n\t\t\t\t\t\t\t<p>L&rsquo;association est compos\u00e9e de membres b\u00e9n\u00e9voles qui d\u00e9finissent les orientations en mati\u00e8re de gestion piscicole et agissent pour la protection des milieux aquatiques:\u00a0<\/p><p>Entretien des berges, nettoyage, cr\u00e9ation de fray\u00e8res&#8230;<\/p><p>\u00c0 travers les actions men\u00e9es, nous souhaitons mettre en valeur notre territoire. Nous\u00a0contribuons \u00e0 la surveillance de la p\u00eache et exploitons les droits de p\u00eache qu\u2019elles d\u00e9tiennent.\u00a0<\/p><p>\u00a0<\/p><p>Le territoire s&rsquo;\u00e9tend sur les villages repr\u00e9sent\u00e9s sur la carte jointe:<\/p><p><em>Cazouls-l\u00e8s-B\u00e9ziers, Th\u00e9zan-l\u00e8s-B\u00e9ziers, Murviel-l\u00e8s-B\u00e9ziers, Causses et Veyran, St G\u00e9nies de Fontedit, Autignac, St Nazaire de Ladarez.<\/em><\/p>\t\t\t\t\t\t<\/div>\n\t\t\t\t<\/div>\n\t\t\t\t\t<\/div>\n\t\t<\/div>\n\t\t\t\t\t<\/div>\n\t\t<\/section>\n\t\t\t\t<section class=\"elementor-section elementor-top-section elementor-element elementor-element-e967495 elementor-section-boxed elementor-section-height-default elementor-section-height-default\" data-id=\"e967495\" data-element_type=\"section\">\n\t\t\t\t\t\t<div class=\"elementor-container elementor-column-gap-default\">\n\t\t\t\t\t<div class=\"elementor-column elementor-col-100 elementor-top-column elementor-element elementor-element-ad790cd\" data-id=\"ad790cd\" data-element_type=\"column\">\n\t\t\t<div class=\"elementor-widget-wrap elementor-element-populated\">\n\t\t\t\t\t\t<div class=\"elementor-element elementor-element-b44ba76 elementor-widget elementor-widget-image\" data-id=\"b44ba76\" data-element_type=\"widget\" data-widget_type=\"image.default\">\n\t\t\t\t<div class=\"elementor-widget-container\">\n\t\t\t\t\t\t\t\t\t\t\t\t\t<img decoding=\"async\" src=\"https:\/\/lesbergesdelorb.com\/wp-content\/uploads\/elementor\/thumbs\/Plan-de-travail-1-qfljuaaj0t42x3rf4fptc5nw7jlorgn7q3dww6kui8.png\" title=\"Plan de travail 1\" alt=\"Plan de travail 1\" loading=\"lazy\" \/>\t\t\t\t\t\t\t\t\t\t\t\t\t<\/div>\n\t\t\t\t<\/div>\n\t\t\t\t\t<\/div>\n\t\t<\/div>\n\t\t\t\t\t<\/div>\n\t\t<\/section>\n\t\t\t\t<section class=\"elementor-section elementor-top-section elementor-element elementor-element-3ff096e elementor-section-full_width elementor-hidden-desktop elementor-hidden-tablet elementor-hidden-mobile elementor-section-height-default elementor-section-height-default\" data-id=\"3ff096e\" data-element_type=\"section\">\n\t\t\t\t\t\t<div class=\"elementor-container elementor-column-gap-default\">\n\t\t\t\t\t<div class=\"elementor-column elementor-col-33 elementor-top-column elementor-element elementor-element-c6ddbcb\" data-id=\"c6ddbcb\" data-element_type=\"column\">\n\t\t\t<div class=\"elementor-widget-wrap elementor-element-populated\">\n\t\t\t\t\t\t<div class=\"elementor-element elementor-element-ae9d745 elementor-widget elementor-widget-image\" data-id=\"ae9d745\" data-element_type=\"widget\" data-widget_type=\"image.default\">\n\t\t\t\t<div class=\"elementor-widget-container\">\n\t\t\t\t\t\t\t\t\t\t\t\t\t<img decoding=\"async\" width=\"800\" height=\"800\" src=\"https:\/\/lesbergesdelorb.com\/wp-content\/uploads\/2023\/07\/4-1024x1024.png\" class=\"attachment-large size-large wp-image-157\" alt=\"\" srcset=\"https:\/\/lesbergesdelorb.com\/wp-content\/uploads\/2023\/07\/4-1024x1024.png 1024w, https:\/\/lesbergesdelorb.com\/wp-content\/uploads\/2023\/07\/4-300x300.png 300w, https:\/\/lesbergesdelorb.com\/wp-content\/uploads\/2023\/07\/4-150x150.png 150w, https:\/\/lesbergesdelorb.com\/wp-content\/uploads\/2023\/07\/4-768x768.png 768w, https:\/\/lesbergesdelorb.com\/wp-content\/uploads\/2023\/07\/4-1536x1536.png 1536w, https:\/\/lesbergesdelorb.com\/wp-content\/uploads\/2023\/07\/4-2048x2048.png 2048w\" sizes=\"(max-width: 800px) 100vw, 800px\" \/>\t\t\t\t\t\t\t\t\t\t\t\t\t<\/div>\n\t\t\t\t<\/div>\n\t\t\t\t\t<\/div>\n\t\t<\/div>\n\t\t\t\t<div class=\"elementor-column elementor-col-33 elementor-top-column elementor-element elementor-element-263a2f6\" data-id=\"263a2f6\" data-element_type=\"column\">\n\t\t\t<div class=\"elementor-widget-wrap elementor-element-populated\">\n\t\t\t\t\t\t<div class=\"elementor-element elementor-element-0e1be86 elementor-widget elementor-widget-image\" data-id=\"0e1be86\" data-element_type=\"widget\" data-widget_type=\"image.default\">\n\t\t\t\t<div class=\"elementor-widget-container\">\n\t\t\t\t\t\t\t\t\t\t\t\t\t<img decoding=\"async\" width=\"800\" height=\"800\" src=\"https:\/\/lesbergesdelorb.com\/wp-content\/uploads\/2023\/07\/3-1024x1024.png\" class=\"attachment-large size-large wp-image-156\" alt=\"\" srcset=\"https:\/\/lesbergesdelorb.com\/wp-content\/uploads\/2023\/07\/3-1024x1024.png 1024w, https:\/\/lesbergesdelorb.com\/wp-content\/uploads\/2023\/07\/3-300x300.png 300w, https:\/\/lesbergesdelorb.com\/wp-content\/uploads\/2023\/07\/3-150x150.png 150w, https:\/\/lesbergesdelorb.com\/wp-content\/uploads\/2023\/07\/3-768x768.png 768w, https:\/\/lesbergesdelorb.com\/wp-content\/uploads\/2023\/07\/3-1536x1536.png 1536w, https:\/\/lesbergesdelorb.com\/wp-content\/uploads\/2023\/07\/3-2048x2048.png 2048w\" sizes=\"(max-width: 800px) 100vw, 800px\" \/>\t\t\t\t\t\t\t\t\t\t\t\t\t<\/div>\n\t\t\t\t<\/div>\n\t\t\t\t\t<\/div>\n\t\t<\/div>\n\t\t\t\t<div class=\"elementor-column elementor-col-33 elementor-top-column elementor-element elementor-element-34b8743\" data-id=\"34b8743\" data-element_type=\"column\">\n\t\t\t<div class=\"elementor-widget-wrap elementor-element-populated\">\n\t\t\t\t\t\t<div class=\"elementor-element elementor-element-7c570e3 elementor-widget elementor-widget-image\" data-id=\"7c570e3\" data-element_type=\"widget\" data-widget_type=\"image.default\">\n\t\t\t\t<div class=\"elementor-widget-container\">\n\t\t\t\t\t\t\t\t\t\t\t\t\t<img loading=\"lazy\" decoding=\"async\" width=\"800\" height=\"800\" src=\"https:\/\/lesbergesdelorb.com\/wp-content\/uploads\/2023\/07\/5-1024x1024.png\" class=\"attachment-large size-large wp-image-158\" alt=\"\" srcset=\"https:\/\/lesbergesdelorb.com\/wp-content\/uploads\/2023\/07\/5-1024x1024.png 1024w, https:\/\/lesbergesdelorb.com\/wp-content\/uploads\/2023\/07\/5-300x300.png 300w, https:\/\/lesbergesdelorb.com\/wp-content\/uploads\/2023\/07\/5-150x150.png 150w, https:\/\/lesbergesdelorb.com\/wp-content\/uploads\/2023\/07\/5-768x768.png 768w, https:\/\/lesbergesdelorb.com\/wp-content\/uploads\/2023\/07\/5-1536x1536.png 1536w, https:\/\/lesbergesdelorb.com\/wp-content\/uploads\/2023\/07\/5-2048x2048.png 2048w\" sizes=\"(max-width: 800px) 100vw, 800px\" \/>\t\t\t\t\t\t\t\t\t\t\t\t\t<\/div>\n\t\t\t\t<\/div>\n\t\t\t\t\t<\/div>\n\t\t<\/div>\n\t\t\t\t\t<\/div>\n\t\t<\/section>\n\t\t\t\t<\/div>\n\t\t","protected":false},"excerpt":{"rendered":"<p>Qui sommes-nous ? Les Berges de l&rsquo;Orb est une A.A.P.P.M.A. (Association Agr\u00e9\u00e9e de P\u00eache et de Protection du Milieu Aquatique) reconnue par la F\u00e9d\u00e9ration Fran\u00e7aise de P\u00eache. Depuis 2016 son pr\u00e9sident est Bernard Cebe, son si\u00e8ge social est situ\u00e9 \u00e0 Cazouls-les-B\u00e9ziers. Cliquez ici pour conna\u00eetre l&rsquo;historique de l&rsquo;A.A.P.P.M.A. Notre but L&rsquo;association est compos\u00e9e de membres [&hellip;]<\/p>\n","protected":false},"author":1,"featured_media":0,"parent":0,"menu_order":0,"comment_status":"closed","ping_status":"closed","template":"elementor_header_footer","meta":{"footnotes":""},"class_list":["post-28","page","type-page","status-publish","hentry"],"yoast_head":"<!-- This site is optimized with the Yoast SEO plugin v22.0 - https:\/\/yoast.com\/wordpress\/plugins\/seo\/ -->\n<title>Les Berges de l&#039;Orb - Les Berges de l&#039;Orb<\/title>\n<meta name=\"description\" content=\"Les Berges de l\u2019Orb est une A.A.P.P.M.A. (Association Agr\u00e9\u00e9e de P\u00eache et de Protection du Milieu Aquatique) reconnue par la F\u00e9d\u00e9ration Fran\u00e7aise de P\u00eache. Depuis 2016 son pr\u00e9sident est Bernard Cebe, son si\u00e8ge social est situ\u00e9 \u00e0 Cazouls-les-B\u00e9ziers\" \/>\n<meta name=\"robots\" content=\"index, follow, max-snippet:-1, max-image-preview:large, max-video-preview:-1\" \/>\n<link rel=\"canonical\" href=\"https:\/\/lesbergesdelorb.com\/\" \/>\n<meta property=\"og:locale\" content=\"fr_FR\" \/>\n<meta property=\"og:type\" content=\"article\" \/>\n<meta property=\"og:title\" content=\"Les Berges de l&#039;Orb - Les Berges de l&#039;Orb\" \/>\n<meta property=\"og:description\" content=\"Les Berges de l\u2019Orb est une A.A.P.P.M.A. (Association Agr\u00e9\u00e9e de P\u00eache et de Protection du Milieu Aquatique) reconnue par la F\u00e9d\u00e9ration Fran\u00e7aise de P\u00eache. Depuis 2016 son pr\u00e9sident est Bernard Cebe, son si\u00e8ge social est situ\u00e9 \u00e0 Cazouls-les-B\u00e9ziers\" \/>\n<meta property=\"og:url\" content=\"https:\/\/lesbergesdelorb.com\/\" \/>\n<meta property=\"og:site_name\" content=\"Les Berges de l&#039;Orb\" \/>\n<meta property=\"article:modified_time\" content=\"2023-11-16T22:28:36+00:00\" \/>\n<meta property=\"og:image\" content=\"https:\/\/lesbergesdelorb.com\/wp-content\/uploads\/2023\/07\/5-1-scaled.jpg\" \/>\n<meta name=\"twitter:card\" content=\"summary_large_image\" \/>\n<meta name=\"twitter:label1\" content=\"Dur\u00e9e de lecture estim\u00e9e\" \/>\n\t<meta name=\"twitter:data1\" content=\"2 minutes\" \/>\n<script type=\"application\/ld+json\" class=\"yoast-schema-graph\">{\"@context\":\"https:\/\/schema.org\",\"@graph\":[{\"@type\":\"WebPage\",\"@id\":\"https:\/\/lesbergesdelorb.com\/\",\"url\":\"https:\/\/lesbergesdelorb.com\/\",\"name\":\"Les Berges de l'Orb - Les Berges de l&#039;Orb\",\"isPartOf\":{\"@id\":\"https:\/\/lesbergesdelorb.com\/#website\"},\"datePublished\":\"2023-07-07T12:49:32+00:00\",\"dateModified\":\"2023-11-16T22:28:36+00:00\",\"description\":\"Les Berges de l\u2019Orb est une A.A.P.P.M.A. (Association Agr\u00e9\u00e9e de P\u00eache et de Protection du Milieu Aquatique) reconnue par la F\u00e9d\u00e9ration Fran\u00e7aise de P\u00eache. Depuis 2016 son pr\u00e9sident est Bernard Cebe, son si\u00e8ge social est situ\u00e9 \u00e0 Cazouls-les-B\u00e9ziers\",\"breadcrumb\":{\"@id\":\"https:\/\/lesbergesdelorb.com\/#breadcrumb\"},\"inLanguage\":\"fr-FR\",\"potentialAction\":[{\"@type\":\"ReadAction\",\"target\":[\"https:\/\/lesbergesdelorb.com\/\"]}]},{\"@type\":\"BreadcrumbList\",\"@id\":\"https:\/\/lesbergesdelorb.com\/#breadcrumb\",\"itemListElement\":[{\"@type\":\"ListItem\",\"position\":1,\"name\":\"Accueil\",\"item\":\"https:\/\/lesbergesdelorb.com\/\"},{\"@type\":\"ListItem\",\"position\":2,\"name\":\"Les Berges de l&#8217;Orb\"}]},{\"@type\":\"WebSite\",\"@id\":\"https:\/\/lesbergesdelorb.com\/#website\",\"url\":\"https:\/\/lesbergesdelorb.com\/\",\"name\":\"Les Berges de l&#039;Orb\",\"description\":\"A.A.P.P.M.A.\",\"publisher\":{\"@id\":\"https:\/\/lesbergesdelorb.com\/#organization\"},\"potentialAction\":[{\"@type\":\"SearchAction\",\"target\":{\"@type\":\"EntryPoint\",\"urlTemplate\":\"https:\/\/lesbergesdelorb.com\/?s={search_term_string}\"},\"query-input\":\"required name=search_term_string\"}],\"inLanguage\":\"fr-FR\"},{\"@type\":\"Organization\",\"@id\":\"https:\/\/lesbergesdelorb.com\/#organization\",\"name\":\"Les Berges de l&#039;Orb\",\"url\":\"https:\/\/lesbergesdelorb.com\/\",\"logo\":{\"@type\":\"ImageObject\",\"inLanguage\":\"fr-FR\",\"@id\":\"https:\/\/lesbergesdelorb.com\/#\/schema\/logo\/image\/\",\"url\":\"https:\/\/lesbergesdelorb.com\/wp-content\/uploads\/2023\/04\/BDO-black-05.png\",\"contentUrl\":\"https:\/\/lesbergesdelorb.com\/wp-content\/uploads\/2023\/04\/BDO-black-05.png\",\"width\":6251,\"height\":6251,\"caption\":\"Les Berges de l&#039;Orb\"},\"image\":{\"@id\":\"https:\/\/lesbergesdelorb.com\/#\/schema\/logo\/image\/\"}}]}<\/script>\n<!-- \/ Yoast SEO plugin. -->","yoast_head_json":{"title":"Les Berges de l'Orb - Les Berges de l&#039;Orb","description":"Les Berges de l\u2019Orb est une A.A.P.P.M.A. (Association Agr\u00e9\u00e9e de P\u00eache et de Protection du Milieu Aquatique) reconnue par la F\u00e9d\u00e9ration Fran\u00e7aise de P\u00eache. Depuis 2016 son pr\u00e9sident est Bernard Cebe, son si\u00e8ge social est situ\u00e9 \u00e0 Cazouls-les-B\u00e9ziers","robots":{"index":"index","follow":"follow","max-snippet":"max-snippet:-1","max-image-preview":"max-image-preview:large","max-video-preview":"max-video-preview:-1"},"canonical":"https:\/\/lesbergesdelorb.com\/","og_locale":"fr_FR","og_type":"article","og_title":"Les Berges de l'Orb - Les Berges de l&#039;Orb","og_description":"Les Berges de l\u2019Orb est une A.A.P.P.M.A. (Association Agr\u00e9\u00e9e de P\u00eache et de Protection du Milieu Aquatique) reconnue par la F\u00e9d\u00e9ration Fran\u00e7aise de P\u00eache. Depuis 2016 son pr\u00e9sident est Bernard Cebe, son si\u00e8ge social est situ\u00e9 \u00e0 Cazouls-les-B\u00e9ziers","og_url":"https:\/\/lesbergesdelorb.com\/","og_site_name":"Les Berges de l&#039;Orb","article_modified_time":"2023-11-16T22:28:36+00:00","og_image":[{"url":"https:\/\/lesbergesdelorb.com\/wp-content\/uploads\/2023\/07\/5-1-scaled.jpg"}],"twitter_card":"summary_large_image","twitter_misc":{"Dur\u00e9e de lecture estim\u00e9e":"2 minutes"},"schema":{"@context":"https:\/\/schema.org","@graph":[{"@type":"WebPage","@id":"https:\/\/lesbergesdelorb.com\/","url":"https:\/\/lesbergesdelorb.com\/","name":"Les Berges de l'Orb - Les Berges de l&#039;Orb","isPartOf":{"@id":"https:\/\/lesbergesdelorb.com\/#website"},"datePublished":"2023-07-07T12:49:32+00:00","dateModified":"2023-11-16T22:28:36+00:00","description":"Les Berges de l\u2019Orb est une A.A.P.P.M.A. (Association Agr\u00e9\u00e9e de P\u00eache et de Protection du Milieu Aquatique) reconnue par la F\u00e9d\u00e9ration Fran\u00e7aise de P\u00eache. Depuis 2016 son pr\u00e9sident est Bernard Cebe, son si\u00e8ge social est situ\u00e9 \u00e0 Cazouls-les-B\u00e9ziers","breadcrumb":{"@id":"https:\/\/lesbergesdelorb.com\/#breadcrumb"},"inLanguage":"fr-FR","potentialAction":[{"@type":"ReadAction","target":["https:\/\/lesbergesdelorb.com\/"]}]},{"@type":"BreadcrumbList","@id":"https:\/\/lesbergesdelorb.com\/#breadcrumb","itemListElement":[{"@type":"ListItem","position":1,"name":"Accueil","item":"https:\/\/lesbergesdelorb.com\/"},{"@type":"ListItem","position":2,"name":"Les Berges de l&#8217;Orb"}]},{"@type":"WebSite","@id":"https:\/\/lesbergesdelorb.com\/#website","url":"https:\/\/lesbergesdelorb.com\/","name":"Les Berges de l&#039;Orb","description":"A.A.P.P.M.A.","publisher":{"@id":"https:\/\/lesbergesdelorb.com\/#organization"},"potentialAction":[{"@type":"SearchAction","target":{"@type":"EntryPoint","urlTemplate":"https:\/\/lesbergesdelorb.com\/?s={search_term_string}"},"query-input":"required name=search_term_string"}],"inLanguage":"fr-FR"},{"@type":"Organization","@id":"https:\/\/lesbergesdelorb.com\/#organization","name":"Les Berges de l&#039;Orb","url":"https:\/\/lesbergesdelorb.com\/","logo":{"@type":"ImageObject","inLanguage":"fr-FR","@id":"https:\/\/lesbergesdelorb.com\/#\/schema\/logo\/image\/","url":"https:\/\/lesbergesdelorb.com\/wp-content\/uploads\/2023\/04\/BDO-black-05.png","contentUrl":"https:\/\/lesbergesdelorb.com\/wp-content\/uploads\/2023\/04\/BDO-black-05.png","width":6251,"height":6251,"caption":"Les Berges de l&#039;Orb"},"image":{"@id":"https:\/\/lesbergesdelorb.com\/#\/schema\/logo\/image\/"}}]}},"_links":{"self":[{"href":"https:\/\/lesbergesdelorb.com\/index.php\/wp-json\/wp\/v2\/pages\/28","targetHints":{"allow":["GET"]}}],"collection":[{"href":"https:\/\/lesbergesdelorb.com\/index.php\/wp-json\/wp\/v2\/pages"}],"about":[{"href":"https:\/\/lesbergesdelorb.com\/index.php\/wp-json\/wp\/v2\/types\/page"}],"author":[{"embeddable":true,"href":"https:\/\/lesbergesdelorb.com\/index.php\/wp-json\/wp\/v2\/users\/1"}],"replies":[{"embeddable":true,"href":"https:\/\/lesbergesdelorb.com\/index.php\/wp-json\/wp\/v2\/comments?post=28"}],"version-history":[{"count":122,"href":"https:\/\/lesbergesdelorb.com\/index.php\/wp-json\/wp\/v2\/pages\/28\/revisions"}],"predecessor-version":[{"id":694,"href":"https:\/\/lesbergesdelorb.com\/index.php\/wp-json\/wp\/v2\/pages\/28\/revisions\/694"}],"wp:attachment":[{"href":"https:\/\/lesbergesdelorb.com\/index.php\/wp-json\/wp\/v2\/media?parent=28"}],"curies":[{"name":"wp","href":"https:\/\/api.w.org\/{rel}","templated":true}]}}